{"id":801,"date":"2023-03-19T18:33:57","date_gmt":"2023-03-19T18:33:57","guid":{"rendered":"https:\/\/kromtel.com.tr\/en\/?page_id=801"},"modified":"2023-03-31T12:38:01","modified_gmt":"2023-03-31T12:38:01","slug":"contact-us","status":"publish","type":"page","link":"https:\/\/kromtel.com.tr\/en\/contact-us\/","title":{"rendered":"Contact Us"},"content":{"rendered":"\t\t<div data-elementor-type=\"wp-page\" data-elementor-id=\"801\" class=\"elementor elementor-801\">\n\t\t\t\t\t\t<section class=\"elementor-section elementor-top-section elementor-element elementor-element-4d32ae8 elementor-section-boxed elementor-section-height-default elementor-section-height-default xts-section-disabled\" data-id=\"4d32ae8\" data-element_type=\"section\" data-e-type=\"section\">\n\t\t\t\t\t\t<div class=\"elementor-container elementor-column-gap-default\">\n\t\t\t\t\t<div class=\"elementor-column elementor-col-100 elementor-top-column elementor-element elementor-element-6875434\" data-id=\"6875434\" data-element_type=\"column\" data-e-type=\"column\">\n\t\t\t<div class=\"elementor-widget-wrap elementor-element-populated\">\n\t\t\t\t\t\t<div class=\"elementor-element elementor-element-d0008f5 elementor-widget__width-initial elementor-widget elementor-widget-heading\" data-id=\"d0008f5\" data-element_type=\"widget\" data-e-type=\"widget\" data-widget_type=\"heading.default\">\n\t\t\t\t<div class=\"elementor-widget-container\">\n\t\t\t\t\t<h2 class=\"elementor-heading-title elementor-size-default\"><span style=\"font-family: Montserrat, sans-serif;font-size: 50px;font-style: normal;font-weight: 800;white-space: normal\">CONTACT US<\/span><\/h2>\t\t\t\t<\/div>\n\t\t\t\t<\/div>\n\t\t\t\t<div class=\"elementor-element elementor-element-2c7caf6 elementor-widget-divider--view-line elementor-widget elementor-widget-divider\" data-id=\"2c7caf6\" data-element_type=\"widget\" data-e-type=\"widget\" data-widget_type=\"divider.default\">\n\t\t\t\t<div class=\"elementor-widget-container\">\n\t\t\t\t\t\t\t<div class=\"elementor-divider\">\n\t\t\t<span class=\"elementor-divider-separator\">\n\t\t\t\t\t\t<\/span>\n\t\t<\/div>\n\t\t\t\t\t\t<\/div>\n\t\t\t\t<\/div>\n\t\t\t\t<div class=\"elementor-element elementor-element-10c98df elementor-widget elementor-widget-google_maps\" data-id=\"10c98df\" data-element_type=\"widget\" data-e-type=\"widget\" data-widget_type=\"google_maps.default\">\n\t\t\t\t<div class=\"elementor-widget-container\">\n\t\t\t\t\t\t\t<div class=\"elementor-custom-embed\">\n\t\t\t<iframe loading=\"lazy\"\n\t\t\t\t\tsrc=\"https:\/\/maps.google.com\/maps?q=Kromtel&#038;t=m&#038;z=12&#038;output=embed&#038;iwloc=near\"\n\t\t\t\t\ttitle=\"Kromtel\"\n\t\t\t\t\taria-label=\"Kromtel\"\n\t\t\t><\/iframe>\n\t\t<\/div>\n\t\t\t\t\t\t<\/div>\n\t\t\t\t<\/div>\n\t\t\t\t<div class=\"elementor-element elementor-element-785f6e7 elementor-widget elementor-widget-xts_contact_form_7\" data-id=\"785f6e7\" data-element_type=\"widget\" data-e-type=\"widget\" data-widget_type=\"xts_contact_form_7.default\">\n\t\t\t\t<div class=\"elementor-widget-container\">\n\t\t\t\t\t\n<div class=\"wpcf7 no-js\" id=\"wpcf7-f1955-o1\" lang=\"en-US\" dir=\"ltr\" data-wpcf7-id=\"1955\">\n<div class=\"screen-reader-response\"><p role=\"status\" aria-live=\"polite\" aria-atomic=\"true\"><\/p> <ul><\/ul><\/div>\n<form action=\"\/en\/wp-json\/wp\/v2\/pages\/801#wpcf7-f1955-o1\" method=\"post\" class=\"wpcf7-form init\" aria-label=\"Contact form\" novalidate=\"novalidate\" data-status=\"init\">\n<fieldset class=\"hidden-fields-container\"><input type=\"hidden\" name=\"_wpcf7\" value=\"1955\" \/><input type=\"hidden\" name=\"_wpcf7_version\" value=\"6.1.5\" \/><input type=\"hidden\" name=\"_wpcf7_locale\" value=\"en_US\" \/><input type=\"hidden\" name=\"_wpcf7_unit_tag\" value=\"wpcf7-f1955-o1\" \/><input type=\"hidden\" name=\"_wpcf7_container_post\" value=\"0\" \/><input type=\"hidden\" name=\"_wpcf7_posted_data_hash\" value=\"\" \/>\n<\/fieldset>\n<p><label> Your name<br \/>\n<span class=\"wpcf7-form-control-wrap\" data-name=\"your-name\"><input size=\"40\" maxlength=\"400\" class=\"wpcf7-form-control wpcf7-text wpcf7-validates-as-required\" autocomplete=\"name\" aria-required=\"true\" aria-invalid=\"false\" value=\"\" type=\"text\" name=\"your-name\" \/><\/span> <\/label>\n<\/p>\n<p><label> Your email<br \/>\n<span class=\"wpcf7-form-control-wrap\" data-name=\"your-email\"><input size=\"40\" maxlength=\"400\" class=\"wpcf7-form-control wpcf7-email wpcf7-validates-as-required wpcf7-text wpcf7-validates-as-email\" autocomplete=\"email\" aria-required=\"true\" aria-invalid=\"false\" value=\"\" type=\"email\" name=\"your-email\" \/><\/span> <\/label>\n<\/p>\n<p><label> Subject<br \/>\n<span class=\"wpcf7-form-control-wrap\" data-name=\"your-subject\"><input size=\"40\" maxlength=\"400\" class=\"wpcf7-form-control wpcf7-text wpcf7-validates-as-required\" aria-required=\"true\" aria-invalid=\"false\" value=\"\" type=\"text\" name=\"your-subject\" \/><\/span> <\/label>\n<\/p>\n<p><label> Your message<br \/>\n<span class=\"wpcf7-form-control-wrap\" data-name=\"your-message\"><textarea cols=\"40\" rows=\"10\" maxlength=\"2000\" class=\"wpcf7-form-control wpcf7-textarea\" aria-invalid=\"false\" name=\"your-message\"><\/textarea><\/span> <\/label><br \/>\n<div class=\"cf7-cf-turnstile\" style=\"margin-top: 0px; margin-bottom: -15px;\"> <div id=\"cf-turnstile-cf7-1701686347\" class=\"cf-turnstile\" data-callback=\"turnstileCF7Callback\" data-sitekey=\"0x4AAAAAAAD5s7x6mOlkh-cY\" data-theme=\"light\" data-language=\"auto\" data-size=\"\" data-retry=\"auto\" data-retry-interval=\"1000\" data-refresh-expired=\"auto\" data-refresh-timeout=\"auto\" data-action=\"contact-form-7\" data-callback=\"turnstileCF7Callback\" data-appearance=\"always\"><\/div> <style>.wpcf7-submit { pointer-events: none; opacity: 0.5; }<\/style> <script>document.addEventListener(\"DOMContentLoaded\", function() { setTimeout(function(){ var e=document.getElementById(\"cf-turnstile-cf7-1701686347\"); if(e&&!e.innerHTML.trim()){turnstile.render(e, {sitekey:\"0x4AAAAAAAD5s7x6mOlkh-cY\"});} }, 200); });<\/script> <br class=\"cf-turnstile-br cf-turnstile-br-cf7-1701686347\"> <style>#cf-turnstile-cf7-1701686347 { margin-left: -15px; }<\/style> <script>document.addEventListener(\"DOMContentLoaded\",function(){document.querySelectorAll('.wpcf7-form').forEach(function(e){e.addEventListener('submit',function(){if(document.getElementById('cf-turnstile-cf7-1701686347')){setTimeout(function(){turnstile.reset('#cf-turnstile-cf7-1701686347');},1000)}})})});<\/script> <\/div><br \/>\n<input class=\"wpcf7-form-control wpcf7-submit has-spinner\" type=\"submit\" value=\"Submit\" \/>\n<\/p><p style=\"display: none !important;\" class=\"akismet-fields-container\" data-prefix=\"_wpcf7_ak_\"><label>&#916;<textarea name=\"_wpcf7_ak_hp_textarea\" cols=\"45\" rows=\"8\" maxlength=\"100\"><\/textarea><\/label><input type=\"hidden\" id=\"ak_js_1\" name=\"_wpcf7_ak_js\" value=\"184\"\/><script>document.getElementById( \"ak_js_1\" ).setAttribute( \"value\", ( new Date() ).getTime() );<\/script><\/p><div class=\"wpcf7-response-output\" aria-hidden=\"true\"><\/div>\n<\/form>\n<\/div>\n\t\t\t\t<\/div>\n\t\t\t\t<\/div>\n\t\t\t\t\t<\/div>\n\t\t<\/div>\n\t\t\t\t\t<\/div>\n\t\t<\/section>\n\t\t\t\t<section class=\"elementor-section elementor-top-section elementor-element elementor-element-8a6abeb elementor-section-boxed elementor-section-height-default elementor-section-height-default xts-section-disabled\" data-id=\"8a6abeb\" data-element_type=\"section\" data-e-type=\"section\">\n\t\t\t\t\t\t<div class=\"elementor-container elementor-column-gap-default\">\n\t\t\t\t\t<div class=\"elementor-column elementor-col-100 elementor-top-column elementor-element elementor-element-4db0406\" data-id=\"4db0406\" data-element_type=\"column\" data-e-type=\"column\">\n\t\t\t<div class=\"elementor-widget-wrap elementor-element-populated\">\n\t\t\t\t\t\t<section class=\"elementor-section elementor-inner-section elementor-element elementor-element-4fad3d8 elementor-section-boxed elementor-section-height-default elementor-section-height-default xts-section-disabled\" data-id=\"4fad3d8\" data-element_type=\"section\" data-e-type=\"section\">\n\t\t\t\t\t\t<div class=\"elementor-container elementor-column-gap-default\">\n\t\t\t\t\t<div class=\"elementor-column elementor-col-25 elementor-inner-column elementor-element elementor-element-56c94db\" data-id=\"56c94db\" data-element_type=\"column\" data-e-type=\"column\">\n\t\t\t<div class=\"elementor-widget-wrap elementor-element-populated\">\n\t\t\t\t\t\t<div class=\"elementor-element elementor-element-b1900f6 elementor-view-default elementor-widget elementor-widget-icon\" data-id=\"b1900f6\" data-element_type=\"widget\" data-e-type=\"widget\" data-widget_type=\"icon.default\">\n\t\t\t\t<div class=\"elementor-widget-container\">\n\t\t\t\t\t\t\t<div class=\"elementor-icon-wrapper\">\n\t\t\t<div class=\"elementor-icon\">\n\t\t\t<i aria-hidden=\"true\" class=\"fas fa-building\"><\/i>\t\t\t<\/div>\n\t\t<\/div>\n\t\t\t\t\t\t<\/div>\n\t\t\t\t<\/div>\n\t\t\t\t\t<\/div>\n\t\t<\/div>\n\t\t\t\t<div class=\"elementor-column elementor-col-25 elementor-inner-column elementor-element elementor-element-ac90138\" data-id=\"ac90138\" data-element_type=\"column\" data-e-type=\"column\">\n\t\t\t<div class=\"elementor-widget-wrap elementor-element-populated\">\n\t\t\t\t\t\t<div class=\"elementor-element elementor-element-3f06d02 elementor-widget__width-initial xts-scheme-inherit xts-textalign-inherit elementor-widget elementor-widget-text-editor\" data-id=\"3f06d02\" data-element_type=\"widget\" data-e-type=\"widget\" data-widget_type=\"text-editor.default\">\n\t\t\t\t<div class=\"elementor-widget-container\">\n\t\t\t\t\t\t\t\t\t<p><span id=\"sl17_rptAddress_ctl00_spnAddress\"><strong><span style=\"vertical-align: inherit;\"><span style=\"color: #000000;\">Center<\/span>:<\/span><\/strong><span style=\"vertical-align: inherit;\"> Merve Mah. Uzung\u00f6l Cad. No:7 YEN\u0130DO\u011eAN <\/span><\/span><\/p><p><span id=\"sl17_rptAddress_ctl00_spnAddress\"><span style=\"vertical-align: inherit;\">34791 <\/span><\/span><span id=\"sl17_rptAddress_ctl00_spnAddress\"><span style=\"vertical-align: inherit;\">Sancaktepe \/ \u0130STANBUL<\/span><\/span><\/p><p><span id=\"sl17_rptAddress_ctl00_spnPhone\"><span style=\"color: #000000;\"><strong>Phone: <\/strong><\/span><span style=\"color: #993366;\"><a id=\"sl17_rptAddress_ctl00_aPhone\" style=\"color: #993366;\" href=\"tel:+90 (216) 564 08 00\">+90 (216) 564 08 00<\/a><\/span><\/span><\/p><p><span id=\"sl17_rptAddress_ctl00_spnFax0\"><span style=\"color: #000000;\"><strong>Fax: <\/strong><\/span>+90 (216) 561 53 23<\/span><\/p><p><span id=\"sl17_rptAddress_ctl00_spnFax\"><span style=\"color: #000000;\"><strong>Fax: <\/strong><\/span>+90 (216) 561 02 10 <span style=\"color: #000000;\">(Import&amp;Export)<\/span><\/span><\/p><p><span id=\"sl17_rptAddress_ctl00_spnFax2\"><span style=\"color: #000000;\"><strong>Fax: <\/strong><\/span>+90 (216) 561 01 12 <span style=\"color: #000000;\">(Accounting)<\/span><\/span><\/p><p><span id=\"sl17_rptAddress_ctl00_spnEmail\"><span style=\"color: #000000;\"><strong>E-mail: <\/strong><\/span><span style=\"color: #993366;\"><a id=\"sl17_rptAddress_ctl00_aMail\" style=\"color: #993366;\" href=\"mailto:info@kromtel.com.tr\">info@kromtel.com.tr<\/a><\/span><\/span><\/p>\t\t\t\t\t\t\t\t<\/div>\n\t\t\t\t<\/div>\n\t\t\t\t\t<\/div>\n\t\t<\/div>\n\t\t\t\t<div class=\"elementor-column elementor-col-25 elementor-inner-column elementor-element elementor-element-1d26bd2\" data-id=\"1d26bd2\" data-element_type=\"column\" data-e-type=\"column\">\n\t\t\t<div class=\"elementor-widget-wrap elementor-element-populated\">\n\t\t\t\t\t\t<div class=\"elementor-element elementor-element-3e338d4 elementor-view-default elementor-widget elementor-widget-icon\" data-id=\"3e338d4\" data-element_type=\"widget\" data-e-type=\"widget\" data-widget_type=\"icon.default\">\n\t\t\t\t<div class=\"elementor-widget-container\">\n\t\t\t\t\t\t\t<div class=\"elementor-icon-wrapper\">\n\t\t\t<div class=\"elementor-icon\">\n\t\t\t<i aria-hidden=\"true\" class=\"fas fa-industry\"><\/i>\t\t\t<\/div>\n\t\t<\/div>\n\t\t\t\t\t\t<\/div>\n\t\t\t\t<\/div>\n\t\t\t\t\t<\/div>\n\t\t<\/div>\n\t\t\t\t<div class=\"elementor-column elementor-col-25 elementor-inner-column elementor-element elementor-element-39075cd\" data-id=\"39075cd\" data-element_type=\"column\" data-e-type=\"column\">\n\t\t\t<div class=\"elementor-widget-wrap elementor-element-populated\">\n\t\t\t\t\t\t<div class=\"elementor-element elementor-element-e4324ac xts-scheme-inherit xts-textalign-inherit elementor-widget elementor-widget-text-editor\" data-id=\"e4324ac\" data-element_type=\"widget\" data-e-type=\"widget\" data-widget_type=\"text-editor.default\">\n\t\t\t\t<div class=\"elementor-widget-container\">\n\t\t\t\t\t\t\t\t\t<p><span id=\"sl17_rptAddress_ctl01_spnAddress\"><span style=\"color: #000000;\"><strong>Factory: <\/strong><\/span>Kuzuluk Mah. Yazak\u0131sa Cad. No:36\/A <\/span><\/p><p><span id=\"sl17_rptAddress_ctl01_spnAddress\">54104 Akyaz\u0131 \/ SAKARYA<\/span><\/p><p><span id=\"sl17_rptAddress_ctl01_spnPhone\"><span style=\"color: #000000;\"><strong>Phone: <\/strong><\/span><span style=\"color: #993300;\"><a id=\"sl17_rptAddress_ctl01_aPhone\" style=\"color: #993300;\" href=\"tel:0264 437 92 91\">+90 (264) 437 92 91<\/a><\/span><\/span><\/p><p><span id=\"sl17_rptAddress_ctl01_spnTax\"><strong><span style=\"color: #000000;\">Tax Administration:<\/span> <\/strong>ANADOLU KURUMLAR<\/span><\/p><div class=\"p-30\"><span id=\"sl17_rptAddress_ctl01_spnVkn\"><span style=\"color: #000000;\"><strong>TIN: <\/strong><\/span>5900525135<\/span><\/div><div>\u00a0<\/div><div class=\"p-30\"><span id=\"sl17_rptAddress_ctl01_spnMersis\"><span style=\"color: #000000;\"><strong>Center Mersis Number: <\/strong><\/span>0-5900-0029-5400015<\/span><\/div><div>\u00a0<\/div><p><span id=\"sl17_rptAddress_ctl01_spnFactoryMersis\"><span style=\"color: #000000;\"><strong>Factory Mersis Number: <\/strong><\/span>0-5900-5251-3500016<\/span><\/p>\t\t\t\t\t\t\t\t<\/div>\n\t\t\t\t<\/div>\n\t\t\t\t\t<\/div>\n\t\t<\/div>\n\t\t\t\t\t<\/div>\n\t\t<\/section>\n\t\t\t\t\t<\/div>\n\t\t<\/div>\n\t\t\t\t\t<\/div>\n\t\t<\/section>\n\t\t\t\t<\/div>\n\t\t","protected":false},"excerpt":{"rendered":"<p>CONTACT US Your name Your email Subject Your message (optional) &#916; Center: Merve Mah. Uzung\u00f6l Cad. No:7 YEN\u0130DO\u011eAN 34791 Sancaktepe \/ \u0130STANBUL Phone: +90 (216) 564 08 00 Fax: +90 (216) 561 53 23 Fax: +90 (216) 561 02 10 (Import&amp;Export) Fax: +90 (216) 561 01 12 (Accounting) E-mail: info@kromtel.com.tr Factory: Kuzuluk Mah. Yazak\u0131sa Cad. [&hellip;]<\/p>\n","protected":false},"author":1,"featured_media":0,"parent":0,"menu_order":0,"comment_status":"closed","ping_status":"closed","template":"elementor_header_footer","meta":{"footnotes":""},"class_list":["post-801","page","type-page","status-publish","hentry"],"_links":{"self":[{"href":"https:\/\/kromtel.com.tr\/en\/wp-json\/wp\/v2\/pages\/801","targetHints":{"allow":["GET"]}}],"collection":[{"href":"https:\/\/kromtel.com.tr\/en\/wp-json\/wp\/v2\/pages"}],"about":[{"href":"https:\/\/kromtel.com.tr\/en\/wp-json\/wp\/v2\/types\/page"}],"author":[{"embeddable":true,"href":"https:\/\/kromtel.com.tr\/en\/wp-json\/wp\/v2\/users\/1"}],"replies":[{"embeddable":true,"href":"https:\/\/kromtel.com.tr\/en\/wp-json\/wp\/v2\/comments?post=801"}],"version-history":[{"count":63,"href":"https:\/\/kromtel.com.tr\/en\/wp-json\/wp\/v2\/pages\/801\/revisions"}],"predecessor-version":[{"id":2003,"href":"https:\/\/kromtel.com.tr\/en\/wp-json\/wp\/v2\/pages\/801\/revisions\/2003"}],"wp:attachment":[{"href":"https:\/\/kromtel.com.tr\/en\/wp-json\/wp\/v2\/media?parent=801"}],"curies":[{"name":"wp","href":"https:\/\/api.w.org\/{rel}","templated":true}]}}